{"id":84,"date":"2015-07-29T10:37:55","date_gmt":"2015-07-29T10:37:55","guid":{"rendered":"http:\/\/localhost\/ObjectifPrepas\/?page_id=84"},"modified":"2025-05-21T16:08:04","modified_gmt":"2025-05-21T15:08:04","slug":"nos-mentions-legales","status":"publish","type":"page","link":"https:\/\/groupe-reussite.fr\/ressources\/nos-mentions-legales\/","title":{"rendered":"Mentions L\u00e9gales"},"content":{"rendered":"\t\t<div data-elementor-type=\"wp-post\" data-elementor-id=\"84\" class=\"elementor elementor-84\">\n\t\t\t\t\t\t<div class=\"elementor-inner\">\n\t\t\t\t<div class=\"elementor-section-wrap\">\n\t\t\t\t\t\t\t\n\t\t<script type=\"text\/javascript\">\n\t\t\tjQuery(document).ready(function() {\n\n\t\t\t\tjQuery(\".elementor-element-hswiqrz\").prepend('<div class=\"aepro-section-bs\"><div class=\"aepro-section-bs-inner\"><\/div><\/div>');\n\t\t\t\tvar bgimage = '';\n\t\t\t\tif ('' == 'yes') {\n\n\t\t\t\t\t\/\/if(bgimage == ''){\n\t\t\t\t\t\/\/    var bgoverlay = '';\n\t\t\t\t\t\/\/}else{\n\t\t\t\t\tvar bgoverlay = 'https:\/\/groupe-reussite.fr\/ressources\/wp-content\/plugins\/anywhere-elementor-pro\/includes\/assets\/lib\/vegas\/overlays\/00.png';\n\t\t\t\t\t\/\/ }\n\t\t\t\t} else {\n\t\t\t\t\tif ('') {\n\t\t\t\t\t\tvar bgoverlay = 'https:\/\/groupe-reussite.fr\/ressources\/wp-content\/plugins\/anywhere-elementor-pro\/includes\/assets\/lib\/vegas\/overlays\/.png';\n\t\t\t\t\t} else {\n\t\t\t\t\t\tvar bgoverlay = 'https:\/\/groupe-reussite.fr\/ressources\/wp-content\/plugins\/anywhere-elementor-pro\/includes\/assets\/lib\/vegas\/overlays\/00.png';\n\t\t\t\t\t}\n\t\t\t\t}\n\n\n\t\t\t\tjQuery(\".elementor-element-hswiqrz\").children('.aepro-section-bs').children('.aepro-section-bs-inner').vegas({\n\t\t\t\t\tslides: [{\"src\":\"https:\\\/\\\/groupe-reussite.fr\\\/ressources\\\/wp-content\\\/uploads\\\/2017\\\/09\\\/5-1.jpg\"}],\n\t\t\t\t\ttransition: 'fade',\n\t\t\t\t\tanimation: 'kenburns',\n\t\t\t\t\toverlay: bgoverlay,\n\t\t\t\t\tcover: true,\n\t\t\t\t\tdelay: 5000,\n\t\t\t\t\ttimer: true\t\t\t\t});\n\t\t\t\tif ('' == 'yes') {\n\t\t\t\t\tjQuery(\".elementor-element-hswiqrz\").children('.aepro-section-bs').children('.aepro-section-bs-inner').children('.vegas-overlay').css('background-image', '');\n\t\t\t\t}\n\t\t\t});\n\t\t<\/script>\n\t\t\t\t<section class=\"has_ae_slider elementor-section elementor-top-section elementor-element elementor-element-hswiqrz elementor-section-stretched elementor-section-boxed elementor-section-height-default elementor-section-height-default ae-bg-gallery-type-default\" data-id=\"hswiqrz\" data-element_type=\"section\" data-settings=\"{&quot;stretch_section&quot;:&quot;section-stretched&quot;,&quot;background_background&quot;:&quot;classic&quot;}\">\n\t\t\t\t\t\t<div class=\"elementor-container elementor-column-gap-default\">\n\t\t\t\t\t\t\t<div class=\"elementor-row\">\n\t\t\t\t\t<div class=\"has_ae_slider elementor-column elementor-col-100 elementor-top-column elementor-element elementor-element-cecvifr ae-bg-gallery-type-default\" data-id=\"cecvifr\" data-element_type=\"column\">\n\t\t\t<div class=\"elementor-column-wrap elementor-element-populated\">\n\t\t\t\t\t\t\t<div class=\"elementor-widget-wrap\">\n\t\t\t\t\t\t<div class=\"elementor-element elementor-element-onmergu elementor-widget elementor-widget-heading\" data-id=\"onmergu\" data-element_type=\"widget\" data-widget_type=\"heading.default\">\n\t\t\t\t<div class=\"elementor-widget-container\">\n\t\t\t<h1 class=\"elementor-heading-title elementor-size-default\">Mention l\u00e9gales <\/h1>\t\t<\/div>\n\t\t\t\t<\/div>\n\t\t\t\t\t\t<\/div>\n\t\t\t\t\t<\/div>\n\t\t<\/div>\n\t\t\t\t\t\t\t\t<\/div>\n\t\t\t\t\t<\/div>\n\t\t<\/section>\n\t\t\t\t<section class=\"has_ae_slider elementor-section elementor-top-section elementor-element elementor-element-nbribht elementor-section-boxed elementor-section-height-default elementor-section-height-default ae-bg-gallery-type-default\" data-id=\"nbribht\" data-element_type=\"section\">\n\t\t\t\t\t\t<div class=\"elementor-container elementor-column-gap-default\">\n\t\t\t\t\t\t\t<div class=\"elementor-row\">\n\t\t\t\t\t<div class=\"has_ae_slider elementor-column elementor-col-100 elementor-top-column elementor-element elementor-element-kkhsyvo ae-bg-gallery-type-default\" data-id=\"kkhsyvo\" data-element_type=\"column\">\n\t\t\t<div class=\"elementor-column-wrap elementor-element-populated\">\n\t\t\t\t\t\t\t<div class=\"elementor-widget-wrap\">\n\t\t\t\t\t\t<div class=\"elementor-element elementor-element-rheglcd elementor-widget elementor-widget-text-editor\" data-id=\"rheglcd\" data-element_type=\"widget\" data-widget_type=\"text-editor.default\">\n\t\t\t\t<div class=\"elementor-widget-container\">\n\t\t\t\t\t\t\t\t<div class=\"elementor-text-editor elementor-clearfix\">\n\t\t\t\t<h2 align=\"left\">1. \u00c9diteur du site<\/h2><p align=\"left\">Groupe R\u00e9ussite<br \/>SAS au capital de 1 000 \u20ac<br \/>SIRET : 527 735 047 00039<br \/>TVA intracommunautaire : FR 59 527 735 047<br \/>Num\u00e9ro d\u2019agr\u00e9ment pr\u00e9fectoral : SAP527735047<br \/>Si\u00e8ge social : 3 rue de l\u2019Estrapade, 75005 Paris<br \/>Email : contact@groupe-reussite.fr<br \/>T\u00e9l\u00e9phone : 01 84 88 32 69<\/p><h2 align=\"left\">2. Directeur de la publication<\/h2><p align=\"left\">Jonathan Molon<\/p><h2 align=\"left\">3. Responsable \u00e9ditorial<\/h2><p align=\"left\">Aghilas Hached<\/p><h2 align=\"left\">4. H\u00e9bergeur du site<\/h2><p align=\"left\">OVH \u2013 2 rue Kellermann, 59100 Roubaix<br \/>T\u00e9l\u00e9phone : 09 72 10 00 70<\/p><h2 align=\"left\">5. Conception et d\u00e9veloppement<\/h2><p align=\"left\">Site con\u00e7u et maintenu par l\u2019\u00e9quipe interne Groupe R\u00e9ussite.<br \/>Pour toute question technique, contactez : contact@groupe-reussite.fr<\/p><h2 align=\"left\">6. Traitement des donn\u00e9es personnelles<\/h2><p align=\"left\">Le responsable du traitement des donn\u00e9es est Groupe R\u00e9ussite, repr\u00e9sent\u00e9 par Jonathan Molon.<\/p><p align=\"left\">Les donn\u00e9es collect\u00e9es via les formulaires sont utilis\u00e9es exclusivement dans le cadre des prestations propos\u00e9es (cours, stages, recrutement).<\/p><p align=\"left\">Conform\u00e9ment au RGPD, vous disposez d\u2019un droit d\u2019acc\u00e8s, de rectification, de suppression ou d\u2019opposition en \u00e9crivant \u00e0 contact@groupe-reussite.fr.<\/p><p align=\"left\">Les donn\u00e9es sont conserv\u00e9es pour la dur\u00e9e strictement n\u00e9cessaire \u00e0 leur finalit\u00e9 et ne sont jamais revendues \u00e0 des tiers.<\/p><p style=\"text-align: justify;\">Les traitements mis en \u0153uvre r\u00e9pondent \u00e0 des finalit\u00e9s explicites, l\u00e9gitimes et d\u00e9termin\u00e9es par notre activit\u00e9 de cours particuliers et de stage intensif pendant les vacances scolaires ou encore de recrutement de professeurs pour <a href=\"https:\/\/groupe-reussite.fr\/donner-cours-particuliers\/\">donner des cours particuliers<\/a>.<\/p><p style=\"text-align: justify;\">Ces finalit\u00e9s ont \u00e9t\u00e9 port\u00e9es \u00e0 la connaissance de la Commission informatique et Libert\u00e9s (CNIL) dans la d\u00e9claration n\u00b0<strong>1477613<\/strong><\/p><p style=\"text-align: justify;\">Conform\u00e9ment \u00e0 la loi n\u00b078-17 du 6 janvier 1978 relative \u00e0 l\u2019informatique, aux fichiers et aux libert\u00e9s modifi\u00e9e, le Groupe R\u00e9ussite vous informe sur les traitements de donn\u00e9es \u00e0 caract\u00e8re personnel qu\u2019il met en \u0153uvre :<br \/>\u2022 de l\u2019identit\u00e9 du responsable du traitement ;<br \/>\u2022 de la finalit\u00e9 poursuivie par le traitement auquel les donn\u00e9es sont destin\u00e9es ;<br \/>\u2022 du caract\u00e8re obligatoire ou facultatif des r\u00e9ponses ;<br \/>\u2022 des cons\u00e9quences \u00e9ventuelles d\u2019un d\u00e9faut de r\u00e9ponse ;<br \/>\u2022 des \u00e9ventuels destinataires des donn\u00e9es ;<br \/>\u2022 de vos droits d\u2019acc\u00e8s, d\u2019interrogation, de modification et de rectification aux donn\u00e9es qui vous concernent, de votre droit d\u2019opposition pour des motifs l\u00e9gitimes, et de votre droit de d\u00e9finir des directives relatives au sort de vos donn\u00e9es \u00e0 caract\u00e8re personnel apr\u00e8s votre mort ;<br \/>\u2022 de la dur\u00e9e de conservation des donn\u00e9es trait\u00e9es.<\/p><p>Vous avez identifi\u00e9 une photographie qui n&rsquo;est pas libre de droits et a \u00e9t\u00e9 abusivement publi\u00e9e sur le site ? Contactez-nous en nous signalant l&rsquo;adresse de la photographie pour que nous la supprimions du site au plus vite.<\/p><p>Les destinataires de vos donn\u00e9es \u00e0 caract\u00e8re personnel sont les services concern\u00e9s de la soci\u00e9t\u00e9 Groupe Reussite.<\/p><p>Le Groupe Reussite ne conserve vos donn\u00e9es \u00e0 caract\u00e8re personnel que pendant le temps n\u00e9cessaire aux op\u00e9rations pour lesquelles elles ont \u00e9t\u00e9 collect\u00e9es (dur\u00e9e des cours particuliers ou des stages intensifs soit environ 1 an) et dans le respect de la r\u00e9glementation en vigueur.<\/p><h2>7. Cookies<\/h2><p>Le site utilise des cookies pour assurer son bon fonctionnement, mesurer l\u2019audience et am\u00e9liorer l\u2019exp\u00e9rience utilisateur.<br \/>Un bandeau d\u2019information permet \u00e0 l\u2019utilisateur de g\u00e9rer ses pr\u00e9f\u00e9rences lors de la premi\u00e8re visite. Les cookies peuvent \u00eatre d\u00e9sactiv\u00e9s \u00e0 tout moment depuis les param\u00e8tres de votre navigateur.<\/p><h2>8. Droit \u00e0 l\u2019image et propri\u00e9t\u00e9 intellectuelle<\/h2><p>Groupe R\u00e9ussite veille \u00e0 n\u2019utiliser que des contenus visuels (photographies, vid\u00e9os, illustrations) autoris\u00e9s, libres de droits ou correctement attribu\u00e9s.<\/p><p>Si un contenu publi\u00e9 sur le site vous semble porter atteinte \u00e0 vos droits (droit \u00e0 l\u2019image, droit d\u2019auteur), merci de nous contacter \u00e0 contact@groupe-reussite.fr.<\/p><p>Nous nous engageons \u00e0 traiter toute demande de retrait dans un d\u00e9lai raisonnable, sans reconnaissance de responsabilit\u00e9 ni engagement d\u2019indemnisation.<\/p><h2>9. M\u00e9diation \u00e0 la consommation<\/h2><p>Conform\u00e9ment \u00e0 l\u2019article L.612-1 du Code de la consommation, le Client peut recourir gratuitement au m\u00e9diateur suivant :<\/p><p>CNPM \u2013 M\u00e9diation Consommation<br \/>27 avenue de la Lib\u00e9ration \u2013 42400 Saint-Chamond<br \/>cnpm-mediation-consommation.eu<br \/>Email : contact-admin@cnpm-mediation-consommation.eu<\/p><h2>10. Droit applicable<\/h2><p>Les pr\u00e9sentes mentions l\u00e9gales sont soumises au droit fran\u00e7ais. En cas de litige, les tribunaux comp\u00e9tents de Paris seront seuls comp\u00e9tents, sauf disposition l\u00e9gale contraire applicable aux consommateurs.<\/p><p>\t\t<div data-elementor-type=\"section\" data-elementor-id=\"138621\" class=\"elementor elementor-138621\">\n\t\t\t\t\t<div class=\"elementor-section-wrap\">\n\t\t\t\t\t\t\t\t<section class=\"has_ae_slider elementor-section elementor-inner-section elementor-element elementor-element-6513074d elementor-section-content-bottom elementor-section-full_width elementor-section-height-min-height elementor-section-height-default ae-bg-gallery-type-default\" data-id=\"6513074d\" data-element_type=\"section\">\n\t\t\t\t\t\t<div class=\"elementor-container elementor-column-gap-default\">\n\t\t\t\t\t\t\t<div class=\"elementor-row\">\n\t\t\t\t\t<div class=\"has_ae_slider elementor-column elementor-col-100 elementor-inner-column elementor-element elementor-element-9528940 ae-bg-gallery-type-default\" data-id=\"9528940\" data-element_type=\"column\">\n\t\t\t<div class=\"elementor-column-wrap elementor-element-populated\">\n\t\t\t\t\t\t\t<div class=\"elementor-widget-wrap\">\n\t\t\t\t\t\t<div class=\"elementor-element elementor-element-79e14470 elementor-align-center elementor-widget elementor-widget-button\" data-id=\"79e14470\" data-element_type=\"widget\" data-widget_type=\"button.default\">\n\t\t\t\t<div class=\"elementor-widget-container\">\n\t\t\t\t\t<div class=\"elementor-button-wrapper\">\n\t\t\t<a href=\"https:\/\/groupe-reussite.fr\/cours-particuliers\/toutes-matieres\/tous-niveaux\/france\/\" target=\"_blank\" class=\"elementor-button-link elementor-button elementor-size-md elementor-animation-grow\" role=\"button\">\n\t\t\t\t\t\t<span class=\"elementor-button-content-wrapper\">\n\t\t\t\t\t\t\t<span class=\"elementor-button-icon elementor-align-icon-right\">\n\t\t\t\t<i aria-hidden=\"true\" class=\"fas fa-bookmark\"><\/i>\t\t\t<\/span>\n\t\t\t\t\t\t<span class=\"elementor-button-text\">Je cherche des cours particuliers<\/span>\n\t\t<\/span>\n\t\t\t\t\t<\/a>\n\t\t<\/div>\n\t\t\t\t<\/div>\n\t\t\t\t<\/div>\n\t\t\t\t\t\t<\/div>\n\t\t\t\t\t<\/div>\n\t\t<\/div>\n\t\t\t\t\t\t\t\t<\/div>\n\t\t\t\t\t<\/div>\n\t\t<\/section>\n\t\t\t\t\t\t\t<\/div>\n\t\t\t\t<\/div>\n\t\t<\/p><p>Consulter nos conditions g\u00e9n\u00e9rales d&rsquo;utilisation sur : <a href=\"https:\/\/groupe-reussite.fr\/cgu\/\">https:\/\/groupe-reussite.fr\/cgu\/<\/a><\/p><p>Acc\u00e9der \u00e0 notre espace presse : <a href=\"https:\/\/groupe-reussite.fr\/ressources\/notre-espace-presse\/\">https:\/\/groupe-reussite.fr\/ressources\/notre-espace-presse\/<\/a><\/p><p>Retrouvez nos offres d&#8217;emploi : <a href=\"https:\/\/groupe-reussite.fr\/ressources\/nous-rejoindre\/\">offres d&#8217;emploi chez Groupe R\u00e9ussite<\/a><\/p><p>N&rsquo;h\u00e9sitez pas \u00e0 consulter les <a href=\"https:\/\/groupe-reussite.fr\/ressources\/nos-temoignages\/\">t\u00e9moignages de nos \u00e9l\u00e8ves<\/a>.<\/p>\t\t\t\t\t<\/div>\n\t\t\t\t\t\t<\/div>\n\t\t\t\t<\/div>\n\t\t\t\t\t\t<\/div>\n\t\t\t\t\t<\/div>\n\t\t<\/div>\n\t\t\t\t\t\t\t\t<\/div>\n\t\t\t\t\t<\/div>\n\t\t<\/section>\n\t\t\t\t\t\t\t\t\t<\/div>\n\t\t\t<\/div>\n\t\t\t\t\t<\/div>\n\t\t","protected":false},"excerpt":{"rendered":"<p>Mention l\u00e9gales 1. \u00c9diteur du site Groupe R\u00e9ussiteSAS au capital de 1 000 \u20acSIRET : 527 735 047 00039TVA intracommunautaire : FR 59 527 735 047Num\u00e9ro d\u2019agr\u00e9ment pr\u00e9fectoral : SAP527735047Si\u00e8ge social : 3 rue de l\u2019Estrapade, 75005 ParisEmail : contact@groupe-reussite.frT\u00e9l\u00e9phone : 01 84 88 32 69 2. Directeur de la publication Jonathan Molon 3. Responsable [&hellip;]<\/p>\n","protected":false},"author":6,"featured_media":0,"parent":0,"menu_order":0,"comment_status":"open","ping_status":"open","template":"","meta":[],"yoast_head":"<!-- This site is optimized with the Yoast SEO plugin v20.2.1 - https:\/\/yoast.com\/wordpress\/plugins\/seo\/ -->\n<title>Mentions l\u00e9gales Groupe R\u00e9ussite - Cours particuliers et stages<\/title>\n<meta name=\"description\" content=\"Mentions l\u00e9gales du Groupe R\u00e9ussite fournissant notamment les coordonn\u00e9es de l&#039;organisme mais \u00e9galement les explications sur la gestion des donn\u00e9es.\" \/>\n<meta name=\"robots\" content=\"index, follow, max-snippet:-1, max-image-preview:large, max-video-preview:-1\" \/>\n<link rel=\"canonical\" href=\"https:\/\/groupe-reussite.fr\/ressources\/nos-mentions-legales\/\" \/>\n<meta property=\"og:locale\" content=\"fr_FR\" \/>\n<meta property=\"og:type\" content=\"article\" \/>\n<meta property=\"og:title\" content=\"Mentions l\u00e9gales Groupe R\u00e9ussite - Cours particuliers et stages\" \/>\n<meta property=\"og:description\" content=\"Mentions l\u00e9gales du Groupe R\u00e9ussite fournissant notamment les coordonn\u00e9es de l&#039;organisme mais \u00e9galement les explications sur la gestion des donn\u00e9es.\" \/>\n<meta property=\"og:url\" content=\"https:\/\/groupe-reussite.fr\/ressources\/nos-mentions-legales\/\" \/>\n<meta property=\"og:site_name\" content=\"Groupe R\u00e9ussite\" \/>\n<meta property=\"article:modified_time\" content=\"2025-05-21T15:08:04+00:00\" \/>\n<meta name=\"twitter:card\" content=\"summary_large_image\" \/>\n<meta name=\"twitter:label1\" content=\"Dur\u00e9e de lecture estim\u00e9e\" \/>\n\t<meta name=\"twitter:data1\" content=\"4 minutes\" \/>\n<script type=\"application\/ld+json\" class=\"yoast-schema-graph\">{\"@context\":\"https:\/\/schema.org\",\"@graph\":[{\"@type\":\"WebPage\",\"@id\":\"https:\/\/groupe-reussite.fr\/ressources\/nos-mentions-legales\/\",\"url\":\"https:\/\/groupe-reussite.fr\/ressources\/nos-mentions-legales\/\",\"name\":\"Mentions l\u00e9gales Groupe R\u00e9ussite - Cours particuliers et stages\",\"isPartOf\":{\"@id\":\"https:\/\/groupe-reussite.fr\/ressources\/#website\"},\"datePublished\":\"2015-07-29T10:37:55+00:00\",\"dateModified\":\"2025-05-21T15:08:04+00:00\",\"description\":\"Mentions l\u00e9gales du Groupe R\u00e9ussite fournissant notamment les coordonn\u00e9es de l'organisme mais \u00e9galement les explications sur la gestion des donn\u00e9es.\",\"breadcrumb\":{\"@id\":\"https:\/\/groupe-reussite.fr\/ressources\/nos-mentions-legales\/#breadcrumb\"},\"inLanguage\":\"fr-FR\",\"potentialAction\":[{\"@type\":\"ReadAction\",\"target\":[\"https:\/\/groupe-reussite.fr\/ressources\/nos-mentions-legales\/\"]}]},{\"@type\":\"BreadcrumbList\",\"@id\":\"https:\/\/groupe-reussite.fr\/ressources\/nos-mentions-legales\/#breadcrumb\",\"itemListElement\":[{\"@type\":\"ListItem\",\"position\":1,\"name\":\"Accueil\",\"item\":\"https:\/\/groupe-reussite.fr\/ressources\/\"},{\"@type\":\"ListItem\",\"position\":2,\"name\":\"Mentions L\u00e9gales\"}]},{\"@type\":\"WebSite\",\"@id\":\"https:\/\/groupe-reussite.fr\/ressources\/#website\",\"url\":\"https:\/\/groupe-reussite.fr\/ressources\/\",\"name\":\"Groupe R\u00e9ussite\",\"description\":\"Stage et Cours particuliers maths, fran\u00e7ais, anglais, informatique, physique chimie\",\"publisher\":{\"@id\":\"https:\/\/groupe-reussite.fr\/ressources\/#organization\"},\"potentialAction\":[{\"@type\":\"SearchAction\",\"target\":{\"@type\":\"EntryPoint\",\"urlTemplate\":\"https:\/\/groupe-reussite.fr\/ressources\/?s={search_term_string}\"},\"query-input\":\"required name=search_term_string\"}],\"inLanguage\":\"fr-FR\"},{\"@type\":\"Organization\",\"@id\":\"https:\/\/groupe-reussite.fr\/ressources\/#organization\",\"name\":\"Groupe R\u00e9ussite\",\"url\":\"https:\/\/groupe-reussite.fr\/ressources\/\",\"logo\":{\"@type\":\"ImageObject\",\"inLanguage\":\"fr-FR\",\"@id\":\"https:\/\/groupe-reussite.fr\/ressources\/#\/schema\/logo\/image\/\",\"url\":\"https:\/\/groupe-reussite.fr\/ressources\/wp-content\/uploads\/2022\/05\/cropped-cropped-logo-1-1.png\",\"contentUrl\":\"https:\/\/groupe-reussite.fr\/ressources\/wp-content\/uploads\/2022\/05\/cropped-cropped-logo-1-1.png\",\"width\":273,\"height\":75,\"caption\":\"Groupe R\u00e9ussite\"},\"image\":{\"@id\":\"https:\/\/groupe-reussite.fr\/ressources\/#\/schema\/logo\/image\/\"}}]}<\/script>\n<!-- \/ Yoast SEO plugin. -->","yoast_head_json":{"title":"Mentions l\u00e9gales Groupe R\u00e9ussite - Cours particuliers et stages","description":"Mentions l\u00e9gales du Groupe R\u00e9ussite fournissant notamment les coordonn\u00e9es de l'organisme mais \u00e9galement les explications sur la gestion des donn\u00e9es.","robots":{"index":"index","follow":"follow","max-snippet":"max-snippet:-1","max-image-preview":"max-image-preview:large","max-video-preview":"max-video-preview:-1"},"canonical":"https:\/\/groupe-reussite.fr\/ressources\/nos-mentions-legales\/","og_locale":"fr_FR","og_type":"article","og_title":"Mentions l\u00e9gales Groupe R\u00e9ussite - Cours particuliers et stages","og_description":"Mentions l\u00e9gales du Groupe R\u00e9ussite fournissant notamment les coordonn\u00e9es de l'organisme mais \u00e9galement les explications sur la gestion des donn\u00e9es.","og_url":"https:\/\/groupe-reussite.fr\/ressources\/nos-mentions-legales\/","og_site_name":"Groupe R\u00e9ussite","article_modified_time":"2025-05-21T15:08:04+00:00","twitter_card":"summary_large_image","twitter_misc":{"Dur\u00e9e de lecture estim\u00e9e":"4 minutes"},"schema":{"@context":"https:\/\/schema.org","@graph":[{"@type":"WebPage","@id":"https:\/\/groupe-reussite.fr\/ressources\/nos-mentions-legales\/","url":"https:\/\/groupe-reussite.fr\/ressources\/nos-mentions-legales\/","name":"Mentions l\u00e9gales Groupe R\u00e9ussite - Cours particuliers et stages","isPartOf":{"@id":"https:\/\/groupe-reussite.fr\/ressources\/#website"},"datePublished":"2015-07-29T10:37:55+00:00","dateModified":"2025-05-21T15:08:04+00:00","description":"Mentions l\u00e9gales du Groupe R\u00e9ussite fournissant notamment les coordonn\u00e9es de l'organisme mais \u00e9galement les explications sur la gestion des donn\u00e9es.","breadcrumb":{"@id":"https:\/\/groupe-reussite.fr\/ressources\/nos-mentions-legales\/#breadcrumb"},"inLanguage":"fr-FR","potentialAction":[{"@type":"ReadAction","target":["https:\/\/groupe-reussite.fr\/ressources\/nos-mentions-legales\/"]}]},{"@type":"BreadcrumbList","@id":"https:\/\/groupe-reussite.fr\/ressources\/nos-mentions-legales\/#breadcrumb","itemListElement":[{"@type":"ListItem","position":1,"name":"Accueil","item":"https:\/\/groupe-reussite.fr\/ressources\/"},{"@type":"ListItem","position":2,"name":"Mentions L\u00e9gales"}]},{"@type":"WebSite","@id":"https:\/\/groupe-reussite.fr\/ressources\/#website","url":"https:\/\/groupe-reussite.fr\/ressources\/","name":"Groupe R\u00e9ussite","description":"Stage et Cours particuliers maths, fran\u00e7ais, anglais, informatique, physique chimie","publisher":{"@id":"https:\/\/groupe-reussite.fr\/ressources\/#organization"},"potentialAction":[{"@type":"SearchAction","target":{"@type":"EntryPoint","urlTemplate":"https:\/\/groupe-reussite.fr\/ressources\/?s={search_term_string}"},"query-input":"required name=search_term_string"}],"inLanguage":"fr-FR"},{"@type":"Organization","@id":"https:\/\/groupe-reussite.fr\/ressources\/#organization","name":"Groupe R\u00e9ussite","url":"https:\/\/groupe-reussite.fr\/ressources\/","logo":{"@type":"ImageObject","inLanguage":"fr-FR","@id":"https:\/\/groupe-reussite.fr\/ressources\/#\/schema\/logo\/image\/","url":"https:\/\/groupe-reussite.fr\/ressources\/wp-content\/uploads\/2022\/05\/cropped-cropped-logo-1-1.png","contentUrl":"https:\/\/groupe-reussite.fr\/ressources\/wp-content\/uploads\/2022\/05\/cropped-cropped-logo-1-1.png","width":273,"height":75,"caption":"Groupe R\u00e9ussite"},"image":{"@id":"https:\/\/groupe-reussite.fr\/ressources\/#\/schema\/logo\/image\/"}}]}},"_links":{"self":[{"href":"https:\/\/groupe-reussite.fr\/ressources\/wp-json\/wp\/v2\/pages\/84"}],"collection":[{"href":"https:\/\/groupe-reussite.fr\/ressources\/wp-json\/wp\/v2\/pages"}],"about":[{"href":"https:\/\/groupe-reussite.fr\/ressources\/wp-json\/wp\/v2\/types\/page"}],"author":[{"embeddable":true,"href":"https:\/\/groupe-reussite.fr\/ressources\/wp-json\/wp\/v2\/users\/6"}],"replies":[{"embeddable":true,"href":"https:\/\/groupe-reussite.fr\/ressources\/wp-json\/wp\/v2\/comments?post=84"}],"version-history":[{"count":3,"href":"https:\/\/groupe-reussite.fr\/ressources\/wp-json\/wp\/v2\/pages\/84\/revisions"}],"predecessor-version":[{"id":226445,"href":"https:\/\/groupe-reussite.fr\/ressources\/wp-json\/wp\/v2\/pages\/84\/revisions\/226445"}],"wp:attachment":[{"href":"https:\/\/groupe-reussite.fr\/ressources\/wp-json\/wp\/v2\/media?parent=84"}],"curies":[{"name":"wp","href":"https:\/\/api.w.org\/{rel}","templated":true}]}}